{"id":85,"date":"2021-11-24T13:47:03","date_gmt":"2021-11-24T12:47:03","guid":{"rendered":"https:\/\/www.halfpocketest2.it\/test1\/?page_id=85"},"modified":"2022-01-12T12:08:07","modified_gmt":"2022-01-12T11:08:07","slug":"chi-siamo","status":"publish","type":"page","link":"https:\/\/www.halfpocketest2.it\/test1\/chi-siamo\/","title":{"rendered":"Chi Siamo"},"content":{"rendered":"<p>[et_pb_section fb_built=&#8221;1&#8243; _builder_version=&#8221;4.14.0&#8243; _module_preset=&#8221;default&#8221; background_enable_color=&#8221;off&#8221; use_background_color_gradient=&#8221;on&#8221; background_color_gradient_start=&#8221;rgba(3,2,40,0.7)&#8221; background_color_gradient_end=&#8221;rgba(3,2,40,0.85)&#8221; background_color_gradient_overlays_image=&#8221;on&#8221; background_image=&#8221;https:\/\/www.halfpocketest2.it\/test1\/wp-content\/uploads\/2021\/11\/workers-standing-checking-beside-working-oil-pumps-1-scaled.jpg&#8221; custom_padding=&#8221;||100px||false|false&#8221; global_colors_info=&#8221;{}&#8221;][et_pb_row _builder_version=&#8221;4.14.0&#8243; _module_preset=&#8221;default&#8221; global_colors_info=&#8221;{}&#8221;][et_pb_column type=&#8221;4_4&#8243; _builder_version=&#8221;4.14.0&#8243; _module_preset=&#8221;default&#8221; global_colors_info=&#8221;{}&#8221;][et_pb_text _builder_version=&#8221;4.14.0&#8243; _module_preset=&#8221;default&#8221; header_font=&#8221;|700|||||||&#8221; header_text_align=&#8221;center&#8221; header_text_color=&#8221;#FFFFFF&#8221; header_font_size=&#8221;50px&#8221; header_text_shadow_style=&#8221;preset5&#8243; header_text_shadow_horizontal_length=&#8221;0.05em&#8221; header_text_shadow_vertical_length=&#8221;0.05em&#8221; header_text_shadow_color=&#8221;#120A33&#8243; global_colors_info=&#8221;{}&#8221;]<\/p>\n<h1>Chi Siamo<\/h1>\n<p>[\/et_pb_text][et_pb_text _builder_version=&#8221;4.14.0&#8243; text_font=&#8221;|300|||||||&#8221; text_text_color=&#8221;#ffffff&#8221; text_font_size=&#8221;17px&#8221; text_line_height=&#8221;1.8em&#8221; width=&#8221;700px&#8221; module_alignment=&#8221;center&#8221; custom_margin=&#8221;27px||||false|false&#8221; custom_margin_tablet=&#8221;-10px||||false|false&#8221; custom_margin_phone=&#8221;-10px||||false|false&#8221; custom_margin_last_edited=&#8221;on|phone&#8221; global_colors_info=&#8221;{}&#8221;]<\/p>\n<p style=\"text-align: center;\">CM TECH &#8211; Corrosion Monitoring Technology S.r.l. &#8211; \u00e8 una societ\u00e0 di ingegneria e produzione attiva nella tecnologia della corrosione, test non distruttivi e controllo qualit\u00e0 dei metalli.<\/p>\n<p>[\/et_pb_text][\/et_pb_column][\/et_pb_row][\/et_pb_section][et_pb_section fb_built=&#8221;1&#8243; _builder_version=&#8221;4.14.0&#8243; _module_preset=&#8221;default&#8221; global_colors_info=&#8221;{}&#8221;][et_pb_row column_structure=&#8221;1_3,1_3,1_3&#8243; use_custom_gutter=&#8221;on&#8221; gutter_width=&#8221;2&#8243; make_equal=&#8221;on&#8221; admin_label=&#8221;Features Row&#8221; _builder_version=&#8221;4.14.0&#8243; custom_margin=&#8221;-150px||||false|false&#8221; custom_padding=&#8221;|||&#8221; animation_direction=&#8221;bottom&#8221; global_colors_info=&#8221;{}&#8221;][et_pb_column type=&#8221;1_3&#8243; _builder_version=&#8221;4.14.0&#8243; background_color_gradient_start=&#8221;#3D72E7&#8243; background_color_gradient_end=&#8221;#53a0fe&#8221; background_color_gradient_direction=&#8221;243deg&#8221; custom_padding=&#8221;|||&#8221; animation_style=&#8221;slide&#8221; animation_direction=&#8221;left&#8221; global_colors_info=&#8221;{}&#8221; custom_padding__hover=&#8221;|||&#8221;][et_pb_blurb title=&#8221;Esperienza&#8221; use_icon=&#8221;on&#8221; font_icon=&#8221;&#xf00c;||fa||900&#8243; icon_color=&#8221;#FFFFFF&#8221; image_icon_background_color=&#8221;#FCBD00&#8243; icon_placement=&#8221;left&#8221; image_icon_width=&#8221;15px&#8221; _builder_version=&#8221;4.14.0&#8243; header_font=&#8221;|700|||||||&#8221; header_text_align=&#8221;left&#8221; header_text_color=&#8221;#120A33&#8243; header_font_size=&#8221;24px&#8221; header_line_height=&#8221;1.4em&#8221; body_font=&#8221;|300|||||||&#8221; body_text_align=&#8221;left&#8221; body_text_color=&#8221;#383838&#8243; body_font_size=&#8221;15px&#8221; body_line_height=&#8221;1.8em&#8221; background_color=&#8221;#FFFFFF&#8221; image_icon_custom_padding=&#8221;10px|10px|10px|10px|true|true&#8221; text_orientation=&#8221;center&#8221; height=&#8221;200px&#8221; custom_margin=&#8221;|||&#8221; custom_padding=&#8221;30px|25px|30px|25px|true|true&#8221; body_font_size_tablet=&#8221;&#8221; body_font_size_phone=&#8221;&#8221; body_font_size_last_edited=&#8221;on|phone&#8221; border_radii=&#8221;on|5px|5px|5px|5px&#8221; border_color_all=&#8221;#1e1584&#8243; border_color_top=&#8221;#edf000&#8243; border_radii_image=&#8221;on|100%|100%|100%|100%&#8221; box_shadow_style=&#8221;preset1&#8243; box_shadow_color=&#8221;rgba(145,145,145,0.19)&#8221; image_max_width=&#8221;67px&#8221; global_colors_info=&#8221;{}&#8221; background__hover_enabled=&#8221;on|hover&#8221; background_color__hover=&#8221;#120A33&#8243; header_text_color__hover_enabled=&#8221;on&#8221; header_text_color__hover=&#8221;#ffce02&#8243; body_font_size__hover_enabled=&#8221;on&#8221; body_text_color__hover_enabled=&#8221;on&#8221; body_text_color__hover=&#8221;#ffffff&#8221; custom_margin__hover_enabled=&#8221;on&#8221; custom_margin__hover=&#8221;-28px||&#8221; body_font_size__hover=&#8221;15px&#8221; background_enable_color__hover=&#8221;on&#8221;]<\/p>\n<p>CM TECH \u00e8 fondata da un gruppo di ingegneri, manager ed esperti del settore che vantano <strong>esperienza<\/strong> trentennale.<\/p>\n<p>[\/et_pb_blurb][\/et_pb_column][et_pb_column type=&#8221;1_3&#8243; _builder_version=&#8221;4.14.0&#8243; background_color_gradient_start=&#8221;#3D72E7&#8243; background_color_gradient_end=&#8221;#53a0fe&#8221; background_color_gradient_direction=&#8221;243deg&#8221; custom_padding=&#8221;|||&#8221; animation_style=&#8221;slide&#8221; animation_direction=&#8221;bottom&#8221; global_colors_info=&#8221;{}&#8221; custom_padding__hover=&#8221;|||&#8221;][et_pb_blurb title=&#8221;Qualit\u00e0&#8221; use_icon=&#8221;on&#8221; font_icon=&#8221;&#xf00c;||fa||900&#8243; icon_color=&#8221;#FFFFFF&#8221; image_icon_background_color=&#8221;#FCBD00&#8243; icon_placement=&#8221;left&#8221; image_icon_width=&#8221;15px&#8221; _builder_version=&#8221;4.14.0&#8243; header_font=&#8221;|700|||||||&#8221; header_text_align=&#8221;left&#8221; header_text_color=&#8221;#120A33&#8243; header_font_size=&#8221;24px&#8221; header_line_height=&#8221;1.4em&#8221; body_font=&#8221;|300|||||||&#8221; body_text_align=&#8221;left&#8221; body_text_color=&#8221;#383838&#8243; body_font_size=&#8221;15px&#8221; body_line_height=&#8221;1.8em&#8221; background_color=&#8221;#EFEFEF&#8221; image_icon_custom_padding=&#8221;10px|10px|10px|10px|true|true&#8221; text_orientation=&#8221;center&#8221; height=&#8221;200px&#8221; custom_margin=&#8221;|||&#8221; custom_padding=&#8221;30px|25px|30px|25px|true|true&#8221; body_font_size_tablet=&#8221;&#8221; body_font_size_phone=&#8221;&#8221; body_font_size_last_edited=&#8221;on|phone&#8221; border_radii=&#8221;on|5px|5px|5px|5px&#8221; border_color_all=&#8221;#1e1584&#8243; border_color_top=&#8221;#edf000&#8243; border_radii_image=&#8221;on|100%|100%|100%|100%&#8221; box_shadow_style=&#8221;preset1&#8243; box_shadow_color=&#8221;rgba(145,145,145,0.19)&#8221; image_max_width=&#8221;67px&#8221; global_colors_info=&#8221;{}&#8221; background__hover_enabled=&#8221;on|hover&#8221; background_color__hover=&#8221;#120A33&#8243; header_text_color__hover_enabled=&#8221;on&#8221; header_text_color__hover=&#8221;#ffce02&#8243; body_font_size__hover_enabled=&#8221;on&#8221; body_text_color__hover_enabled=&#8221;on&#8221; body_text_color__hover=&#8221;#ffffff&#8221; custom_margin__hover_enabled=&#8221;on&#8221; custom_margin__hover=&#8221;-28px||&#8221; body_font_size__hover=&#8221;15px&#8221; background_enable_color__hover=&#8221;on&#8221;]<\/p>\n<p>CM TECH \u00e8 certificata ISO 9001, sistemi di gestione per la <strong>qualit\u00e0<\/strong> e utilizza solo materiali europei e acciaio certificato.<\/p>\n<p>[\/et_pb_blurb][\/et_pb_column][et_pb_column type=&#8221;1_3&#8243; _builder_version=&#8221;4.14.0&#8243; background_color_gradient_start=&#8221;#3D72E7&#8243; background_color_gradient_end=&#8221;#53A0FE&#8221; background_color_gradient_direction=&#8221;243deg&#8221; custom_padding=&#8221;|||&#8221; animation_style=&#8221;slide&#8221; animation_direction=&#8221;right&#8221; global_colors_info=&#8221;{}&#8221; custom_padding__hover=&#8221;|||&#8221;][et_pb_blurb title=&#8221;Prezzi Competitivi&#8221; use_icon=&#8221;on&#8221; font_icon=&#8221;&#xf00c;||fa||900&#8243; icon_color=&#8221;#FFFFFF&#8221; image_icon_background_color=&#8221;#FCBD00&#8243; icon_placement=&#8221;left&#8221; image_icon_width=&#8221;15px&#8221; _builder_version=&#8221;4.14.0&#8243; header_font=&#8221;|700|||||||&#8221; header_text_align=&#8221;left&#8221; header_text_color=&#8221;#120A33&#8243; header_font_size=&#8221;24px&#8221; header_line_height=&#8221;1.4em&#8221; body_font=&#8221;|300|||||||&#8221; body_text_align=&#8221;left&#8221; body_text_color=&#8221;#383838&#8243; body_font_size=&#8221;15px&#8221; body_line_height=&#8221;1.8em&#8221; background_color=&#8221;#FFFFFF&#8221; image_icon_custom_padding=&#8221;10px|10px|10px|10px|true|true&#8221; text_orientation=&#8221;center&#8221; height=&#8221;200px&#8221; custom_margin=&#8221;|||&#8221; custom_padding=&#8221;30px|25px|30px|25px|true|true&#8221; body_font_size_tablet=&#8221;&#8221; body_font_size_phone=&#8221;&#8221; body_font_size_last_edited=&#8221;on|phone&#8221; border_radii=&#8221;on|5px|5px|5px|5px&#8221; border_color_all=&#8221;#1e1584&#8243; border_color_top=&#8221;#edf000&#8243; border_radii_image=&#8221;on|100%|100%|100%|100%&#8221; box_shadow_style=&#8221;preset1&#8243; box_shadow_color=&#8221;rgba(145,145,145,0.19)&#8221; image_max_width=&#8221;67px&#8221; global_colors_info=&#8221;{}&#8221; background__hover_enabled=&#8221;on|hover&#8221; background_color__hover=&#8221;#120A33&#8243; header_text_color__hover_enabled=&#8221;on&#8221; header_text_color__hover=&#8221;#ffce02&#8243; body_font_size__hover_enabled=&#8221;on&#8221; body_text_color__hover_enabled=&#8221;on&#8221; body_text_color__hover=&#8221;#ffffff&#8221; custom_margin__hover_enabled=&#8221;on&#8221; custom_margin__hover=&#8221;-28px||&#8221; body_font_size__hover=&#8221;15px&#8221; background_enable_color__hover=&#8221;on&#8221;]<\/p>\n<p>CM TECH \u00e8 attenta all\u2019ambiente e capace di <strong>ridurre<\/strong> i costi operativi.<\/p>\n<p>[\/et_pb_blurb][\/et_pb_column][\/et_pb_row][\/et_pb_section][et_pb_section fb_built=&#8221;1&#8243; _builder_version=&#8221;4.14.0&#8243; use_background_color_gradient=&#8221;on&#8221; background_color_gradient_start=&#8221;rgba(0,0,0,0)&#8221; background_color_gradient_end=&#8221;#ffffff&#8221; background_color_gradient_direction=&#8221;90deg&#8221; background_color_gradient_start_position=&#8221;70%&#8221; background_color_gradient_end_position=&#8221;0%&#8221; background_color_gradient_overlays_image=&#8221;on&#8221; background_image=&#8221;https:\/\/www.halfpocketest2.it\/test1\/wp-content\/uploads\/2021\/11\/workers-standing-checking-beside-working-oil-pumps-scaled.jpg&#8221; background_position=&#8221;bottom_center&#8221; custom_padding=&#8221;120px||120px||true|false&#8221; global_colors_info=&#8221;{}&#8221;][et_pb_row column_structure=&#8221;3_5,2_5&#8243; use_custom_gutter=&#8221;on&#8221; gutter_width=&#8221;2&#8243; make_equal=&#8221;on&#8221; _builder_version=&#8221;4.14.0&#8243; width_tablet=&#8221;90%&#8221; width_phone=&#8221;90%&#8221; width_last_edited=&#8221;on|tablet&#8221; max_width_tablet=&#8221;90%&#8221; max_width_phone=&#8221;90%&#8221; max_width_last_edited=&#8221;on|desktop&#8221; custom_padding=&#8221;0px||0px||true|&#8221; global_colors_info=&#8221;{}&#8221;][et_pb_column type=&#8221;3_5&#8243; _builder_version=&#8221;4.14.0&#8243; background_color=&#8221;rgba(255,255,255,0.87)&#8221; custom_padding=&#8221;90px|100px|90px|100px|true|true&#8221; custom_padding_tablet=&#8221;&#8221; custom_padding_phone=&#8221;50px|30px|50px|30px|true|true&#8221; custom_padding_last_edited=&#8221;on|phone&#8221; scroll_vertical_motion_enable=&#8221;on&#8221; scroll_vertical_motion=&#8221;0|50|50|100|1|0|0&#8243; scroll_horizontal_motion=&#8221;0|50|50|100|4|0|0&#8243; scroll_horizontal_motion_tablet=&#8221;0|50|50|100|0|0|0&#8243; scroll_horizontal_motion_phone=&#8221;0|50|50|100|0|0|0&#8243; scroll_horizontal_motion_last_edited=&#8221;on|phone&#8221; border_radii=&#8221;on|5px|5px|5px|5px&#8221; global_colors_info=&#8221;{}&#8221;][et_pb_text _builder_version=&#8221;4.14.0&#8243; text_text_color=&#8221;#FCBD00&#8243; text_font_size=&#8221;18px&#8221; text_line_height=&#8221;1em&#8221; global_colors_info=&#8221;{}&#8221;]Team &#038; Vision[\/et_pb_text][et_pb_text _builder_version=&#8221;4.14.0&#8243; text_text_color=&#8221;#ffffff&#8221; text_font_size=&#8221;40px&#8221; text_letter_spacing=&#8221;-0.4px&#8221; text_line_height=&#8221;1.2em&#8221; header_2_font=&#8221;|700|||||||&#8221; header_2_text_color=&#8221;#120A33&#8243; header_2_font_size=&#8221;38px&#8221; header_2_line_height=&#8221;1.2em&#8221; module_alignment=&#8221;left&#8221; custom_margin_tablet=&#8221;-10px||||false|false&#8221; custom_margin_phone=&#8221;-10px||||false|false&#8221; custom_margin_last_edited=&#8221;on|phone&#8221; hover_enabled=&#8221;0&#8243; text_font_size_tablet=&#8221;&#8221; text_font_size_phone=&#8221;30px&#8221; text_font_size_last_edited=&#8221;on|phone&#8221; global_colors_info=&#8221;{}&#8221; sticky_enabled=&#8221;0&#8243;]<\/p>\n<h2>Ci dedichiamo ogni giorno con impegno ed attenzione alla risoluzione dei problemi dei nostri clienti<\/h2>\n<p>[\/et_pb_text][et_pb_text _builder_version=&#8221;4.14.0&#8243; text_font=&#8221;|300|||||||&#8221; text_text_color=&#8221;#383838&#8243; text_font_size=&#8221;17px&#8221; text_line_height=&#8221;1.8em&#8221; custom_margin=&#8221;27px||||false|false&#8221; custom_margin_tablet=&#8221;-10px||||false|false&#8221; custom_margin_phone=&#8221;-10px||||false|false&#8221; custom_margin_last_edited=&#8221;on|phone&#8221; global_colors_info=&#8221;{}&#8221;]<\/p>\n<p>CM TECH \u00e8 stata fondata nel 2001 da un gruppo di ingegneri della corrosione, manager ed esperti che, dopo aver fatto esperienza per anni nei sistemi di monitoraggio della corrosione, hanno deciso di costruire una nuova societ\u00e0 in grado di affrontare con alta efficienza i problemi di corrosione.<\/p>\n<p style=\"font-size: 13px; line-height: 25px;\"><strong>Presidente: Antonio Vasselli<\/strong><br \/><strong>General Manger: Vittorio Vasselli<\/strong><br \/><strong>Project Manger Division: Flora Mazzoni<\/strong><br \/><strong>Procurment Division: Christian Calisti<\/strong><br \/><strong>Technical Services Division: Emiliano Bernardini<\/strong><br \/><strong>Engeneering Division: Maria Elena Elletto<\/strong><\/p>\n<p><em>I nostri ideali, i nostri valori e le nostre ambizioni si concentrano sulla soddisfazione del cliente.<\/em><\/p>\n<p>[\/et_pb_text][dipl_button inline_buttons=&#8221;on&#8221; buttons_alignment=&#8221;left&#8221; _builder_version=&#8221;4.14.0&#8243; _module_preset=&#8221;default&#8221; custom_margin=&#8221;35px||||false|false&#8221; hover_enabled=&#8221;0&#8243; global_colors_info=&#8221;{}&#8221; sticky_enabled=&#8221;0&#8243;][dipl_button_item button_text=&#8221;Certificazioni pdf&#8221; background_fill_style=&#8221;wipe_fill&#8221; button_alignment=&#8221;left&#8221; button_custom_padding=&#8221;10px|25px|10px|25px|true|true&#8221; _builder_version=&#8221;4.14.0&#8243; _module_preset=&#8221;default&#8221; button_text_color=&#8221;#FCBD00&#8243; border_radii=&#8221;on|5px|5px|5px|5px&#8221; border_width_all=&#8221;3px&#8221; border_color_all=&#8221;#FCBD00&#8243; global_colors_info=&#8221;{}&#8221; button_text_color__hover_enabled=&#8221;on|hover&#8221; button_text_color__hover=&#8221;#120A33&#8243; button_bg_color__hover_enabled=&#8221;on|hover&#8221; button_bg_color__hover=&#8221;#FFFFFF&#8221; button_bg_enable_color__hover=&#8221;on&#8221; border_color_all__hover_enabled=&#8221;on|hover&#8221; border_color_all__hover=&#8221;#FFFFFF&#8221;][\/dipl_button_item][\/dipl_button][\/et_pb_column][et_pb_column type=&#8221;2_5&#8243; _builder_version=&#8221;4.14.0&#8243; background_color=&#8221;#120a33&#8243; custom_padding=&#8221;90px|100px|90px|100px|true|true&#8221; custom_padding_tablet=&#8221;&#8221; custom_padding_phone=&#8221;50px|30px|50px|30px|true|true&#8221; custom_padding_last_edited=&#8221;on|phone&#8221; scroll_horizontal_motion_enable=&#8221;on&#8221; scroll_horizontal_motion=&#8221;0|50|50|100|4|0|0&#8243; scroll_horizontal_motion_tablet=&#8221;0|50|50|100|0|0|0&#8243; scroll_horizontal_motion_phone=&#8221;0|50|50|100|0|0|0&#8243; scroll_horizontal_motion_last_edited=&#8221;on|phone&#8221; border_radii=&#8221;on|5px|5px|5px|5px&#8221; global_colors_info=&#8221;{}&#8221;][et_pb_text _builder_version=&#8221;4.14.0&#8243; text_text_color=&#8221;#FCBD00&#8243; text_font_size=&#8221;18px&#8221; text_line_height=&#8221;1em&#8221; global_colors_info=&#8221;{}&#8221;]<\/p>\n<p>Mission<\/p>\n<p>[\/et_pb_text][et_pb_text _builder_version=&#8221;4.14.0&#8243; text_text_color=&#8221;#ffffff&#8221; text_font_size=&#8221;40px&#8221; text_letter_spacing=&#8221;-0.4px&#8221; text_line_height=&#8221;1.2em&#8221; header_2_font=&#8221;|600|||||||&#8221; header_2_text_color=&#8221;#FFFFFF&#8221; header_2_font_size=&#8221;38px&#8221; header_2_line_height=&#8221;1.2em&#8221; header_3_font=&#8221;|700|||||||&#8221; header_3_text_color=&#8221;#FFFFFF&#8221; header_3_font_size=&#8221;55px&#8221; header_3_line_height=&#8221;1.2em&#8221; module_alignment=&#8221;left&#8221; custom_margin_tablet=&#8221;-10px||||false|false&#8221; custom_margin_phone=&#8221;-10px||||false|false&#8221; custom_margin_last_edited=&#8221;on|phone&#8221; hover_enabled=&#8221;0&#8243; text_font_size_tablet=&#8221;&#8221; text_font_size_phone=&#8221;30px&#8221; text_font_size_last_edited=&#8221;on|phone&#8221; global_colors_info=&#8221;{}&#8221; sticky_enabled=&#8221;0&#8243;]<\/p>\n<h3>Siamo pronti a diventare i numeri uno al mondo<\/h3>\n<p>[\/et_pb_text][et_pb_text _builder_version=&#8221;4.14.0&#8243; text_font=&#8221;|300|||||||&#8221; text_text_color=&#8221;#ffffff&#8221; text_font_size=&#8221;17px&#8221; text_line_height=&#8221;1.8em&#8221; custom_margin=&#8221;27px||||false|false&#8221; custom_margin_tablet=&#8221;-10px||||false|false&#8221; custom_margin_phone=&#8221;-10px||||false|false&#8221; custom_margin_last_edited=&#8221;on|phone&#8221; global_colors_info=&#8221;{}&#8221;]<\/p>\n<p><em>La nostra mission, che ci contraddistingue dai nostri competitor, si basa sulla fiducia e sui nostri sistemi innovativi e tecnologici di monitoraggio della corrosione a prezzi competitivi.<\/em><\/p>\n<p>[\/et_pb_text][dipl_button inline_buttons=&#8221;on&#8221; buttons_alignment=&#8221;left&#8221; _builder_version=&#8221;4.14.0&#8243; _module_preset=&#8221;default&#8221; custom_margin=&#8221;35px||||false|false&#8221; hover_enabled=&#8221;0&#8243; global_colors_info=&#8221;{}&#8221; sticky_enabled=&#8221;0&#8243;][dipl_button_item button_text=&#8221;Servizi&#8221; button_url=&#8221;@ET-DC@eyJkeW5hbWljIjp0cnVlLCJjb250ZW50IjoicG9zdF9saW5rX3VybF9wYWdlIiwic2V0dGluZ3MiOnsicG9zdF9pZCI6Ijk3In19@&#8221; background_fill_style=&#8221;wipe_fill&#8221; button_alignment=&#8221;left&#8221; button_custom_margin=&#8221;|||25px|false|false&#8221; button_custom_padding=&#8221;10px|25px|10px|25px|true|true&#8221; _builder_version=&#8221;4.14.0&#8243; _dynamic_attributes=&#8221;button_url&#8221; _module_preset=&#8221;default&#8221; button_text_color=&#8221;#FCBD00&#8243; border_radii=&#8221;on|5px|5px|5px|5px&#8221; border_width_all=&#8221;3px&#8221; border_color_all=&#8221;#FCBD00&#8243; global_colors_info=&#8221;{}&#8221; button_text_color__hover_enabled=&#8221;on|hover&#8221; button_text_color__hover=&#8221;#120A33&#8243; button_bg_color__hover_enabled=&#8221;on|hover&#8221; button_bg_color__hover=&#8221;#FFFFFF&#8221; button_bg_enable_color__hover=&#8221;on&#8221; border_color_all__hover_enabled=&#8221;on|hover&#8221; border_color_all__hover=&#8221;#FFFFFF&#8221;][\/dipl_button_item][\/dipl_button][\/et_pb_column][\/et_pb_row][\/et_pb_section][et_pb_section fb_built=&#8221;1&#8243; _builder_version=&#8221;4.14.0&#8243; background_color=&#8221;#120A33&#8243; background_color_gradient_start=&#8221;#eeede4&#8243; background_color_gradient_end=&#8221;rgba(238,237,228,0.95)&#8221; background_enable_image=&#8221;off&#8221; custom_padding=&#8221;10px||10px||true|false&#8221; animation_style=&#8221;slide&#8221; animation_direction=&#8221;bottom&#8221; animation_duration=&#8221;500ms&#8221; global_colors_info=&#8221;{}&#8221;][et_pb_row column_structure=&#8221;1_3,1_3,1_3&#8243; _builder_version=&#8221;4.14.0&#8243; custom_padding=&#8221;15px||15px||true|false&#8221; global_colors_info=&#8221;{}&#8221;][et_pb_column type=&#8221;1_3&#8243; _builder_version=&#8221;3.25&#8243; custom_padding=&#8221;|||&#8221; global_colors_info=&#8221;{}&#8221; custom_padding__hover=&#8221;|||&#8221;][et_pb_number_counter title=&#8221;Anni di Esperienza&#8221; number=&#8221;+20&#8243; percent_sign=&#8221;off&#8221; _builder_version=&#8221;4.14.0&#8243; title_font=&#8221;|700|||||||&#8221; title_text_color=&#8221;#FFFFFF&#8221; number_font=&#8221;|800|||||||&#8221; number_text_color=&#8221;#FCBD00&#8243; number_font_size=&#8221;50px&#8221; background_enable_color=&#8221;off&#8221; custom_padding=&#8221;||||true|true&#8221; border_radii=&#8221;on|5px|5px|5px|5px&#8221; border_color_top=&#8221;rgba(17,24,32,0.39)&#8221; border_color_right=&#8221;rgba(17,24,32,0.39)&#8221; border_color_bottom=&#8221;rgba(17,24,32,0.39)&#8221; border_color_left=&#8221;rgba(17,24,32,0.39)&#8221; global_colors_info=&#8221;{}&#8221; number_font_size__hover_enabled=&#8221;on&#8221; number_font_size__hover=&#8221;100px&#8221;][\/et_pb_number_counter][\/et_pb_column][et_pb_column type=&#8221;1_3&#8243; _builder_version=&#8221;3.25&#8243; custom_padding=&#8221;|||&#8221; global_colors_info=&#8221;{}&#8221; custom_padding__hover=&#8221;|||&#8221;][et_pb_number_counter title=&#8221;Lavori Effettuati&#8221; number=&#8221;+100&#8243; percent_sign=&#8221;off&#8221; _builder_version=&#8221;4.14.0&#8243; title_font=&#8221;|700|||||||&#8221; title_text_color=&#8221;#FFFFFF&#8221; number_font=&#8221;|800|||||||&#8221; number_text_color=&#8221;#FCBD00&#8243; number_font_size=&#8221;50px&#8221; background_enable_color=&#8221;off&#8221; custom_padding=&#8221;||||true|true&#8221; border_color_top=&#8221;rgba(17,24,32,0.39)&#8221; border_width_right=&#8221;1px&#8221; border_color_right=&#8221;#FCBD00&#8243; border_color_bottom=&#8221;rgba(17,24,32,0.39)&#8221; border_width_left=&#8221;1px&#8221; border_color_left=&#8221;#FCBD00&#8243; global_colors_info=&#8221;{}&#8221; number_font_size__hover_enabled=&#8221;on&#8221; number_font_size__hover=&#8221;100px&#8221;][\/et_pb_number_counter][\/et_pb_column][et_pb_column type=&#8221;1_3&#8243; _builder_version=&#8221;3.25&#8243; custom_padding=&#8221;|||&#8221; global_colors_info=&#8221;{}&#8221; custom_padding__hover=&#8221;|||&#8221;][et_pb_number_counter title=&#8221;Clienti Soddisfatti&#8221; number=&#8221;+150&#8243; percent_sign=&#8221;off&#8221; _builder_version=&#8221;4.14.0&#8243; title_font=&#8221;|700|||||||&#8221; title_text_color=&#8221;#FFFFFF&#8221; number_font=&#8221;|800|||||||&#8221; number_text_color=&#8221;#FCBD00&#8243; number_font_size=&#8221;50px&#8221; background_enable_color=&#8221;off&#8221; custom_padding=&#8221;||||true|true&#8221; border_radii=&#8221;on|5px|5px|5px|5px&#8221; border_color_top=&#8221;rgba(17,24,32,0.39)&#8221; border_color_right=&#8221;rgba(17,24,32,0.39)&#8221; border_color_bottom=&#8221;rgba(17,24,32,0.39)&#8221; border_color_left=&#8221;rgba(17,24,32,0.39)&#8221; global_colors_info=&#8221;{}&#8221; number_font_size__hover_enabled=&#8221;on&#8221; number_font_size__hover=&#8221;100px&#8221;][\/et_pb_number_counter][\/et_pb_column][\/et_pb_row][\/et_pb_section]<\/p>\n","protected":false},"excerpt":{"rendered":"<p>Chi SiamoCM TECH &#8211; Corrosion Monitoring Technology S.r.l. &#8211; \u00e8 una societ\u00e0 di ingegneria e produzione attiva nella tecnologia della corrosione, test non distruttivi e controllo qualit\u00e0 dei metalli.CM TECH \u00e8 fondata da un gruppo di ingegneri, manager ed esperti del settore che vantano esperienza trentennale.CM TECH \u00e8 certificata ISO 9001, sistemi di gestione per [&hellip;]<\/p>\n","protected":false},"author":2,"featured_media":0,"parent":0,"menu_order":0,"comment_status":"closed","ping_status":"closed","template":"","meta":{"_et_pb_use_builder":"on","_et_pb_old_content":"","_et_gb_content_width":""},"_links":{"self":[{"href":"https:\/\/www.halfpocketest2.it\/test1\/wp-json\/wp\/v2\/pages\/85"}],"collection":[{"href":"https:\/\/www.halfpocketest2.it\/test1\/wp-json\/wp\/v2\/pages"}],"about":[{"href":"https:\/\/www.halfpocketest2.it\/test1\/wp-json\/wp\/v2\/types\/page"}],"author":[{"embeddable":true,"href":"https:\/\/www.halfpocketest2.it\/test1\/wp-json\/wp\/v2\/users\/2"}],"replies":[{"embeddable":true,"href":"https:\/\/www.halfpocketest2.it\/test1\/wp-json\/wp\/v2\/comments?post=85"}],"version-history":[{"count":15,"href":"https:\/\/www.halfpocketest2.it\/test1\/wp-json\/wp\/v2\/pages\/85\/revisions"}],"predecessor-version":[{"id":281,"href":"https:\/\/www.halfpocketest2.it\/test1\/wp-json\/wp\/v2\/pages\/85\/revisions\/281"}],"wp:attachment":[{"href":"https:\/\/www.halfpocketest2.it\/test1\/wp-json\/wp\/v2\/media?parent=85"}],"curies":[{"name":"wp","href":"https:\/\/api.w.org\/{rel}","templated":true}]}}